{"id":439,"date":"2024-03-05T10:10:36","date_gmt":"2024-03-05T09:10:36","guid":{"rendered":"https:\/\/ecotendagranollers.com\/aviso-legal\/"},"modified":"2024-10-27T19:21:07","modified_gmt":"2024-10-27T18:21:07","slug":"aviso-legal","status":"publish","type":"page","link":"https:\/\/ecotendagranollers.com\/ca\/aviso-legal\/","title":{"rendered":"Av\u00eds legal"},"content":{"rendered":"\t\t<div data-elementor-type=\"wp-page\" data-elementor-id=\"439\" class=\"elementor elementor-439 elementor-71\" data-elementor-post-type=\"page\">\n\t\t\t\t<div class=\"elementor-element elementor-element-40cfdc13 e-con-full e-flex e-con e-parent\" data-id=\"40cfdc13\" data-element_type=\"container\">\n\t\t\t\t<div class=\"elementor-element elementor-element-b9443e2 elementor-widget-divider--view-line elementor-widget elementor-widget-divider\" data-id=\"b9443e2\" data-element_type=\"widget\" data-widget_type=\"divider.default\">\n\t\t\t\t<div class=\"elementor-widget-container\">\n\t\t\t\t\t\t\t<div class=\"elementor-divider\">\n\t\t\t<span class=\"elementor-divider-separator\">\n\t\t\t\t\t\t<\/span>\n\t\t<\/div>\n\t\t\t\t\t\t<\/div>\n\t\t\t\t<\/div>\n\t\t\t\t<div class=\"elementor-element elementor-element-71b58ceb elementor-widget elementor-widget-heading\" data-id=\"71b58ceb\" data-element_type=\"widget\" data-widget_type=\"heading.default\">\n\t\t\t\t<div class=\"elementor-widget-container\">\n\t\t\t\t\t<h2 class=\"elementor-heading-title elementor-size-default\">Avis Legal<\/h2>\t\t\t\t<\/div>\n\t\t\t\t<\/div>\n\t\t\t\t<\/div>\n\t\t<div class=\"elementor-element elementor-element-13e1b28a e-flex e-con-boxed e-con e-parent\" data-id=\"13e1b28a\" data-element_type=\"container\">\n\t\t\t\t\t<div class=\"e-con-inner\">\n\t\t<div class=\"elementor-element elementor-element-7212dedf e-con-full e-flex e-con e-child\" data-id=\"7212dedf\" data-element_type=\"container\">\n\t\t\t\t<div class=\"elementor-element elementor-element-29f6015d elementor-widget elementor-widget-heading\" data-id=\"29f6015d\" data-element_type=\"widget\" data-widget_type=\"heading.default\">\n\t\t\t\t<div class=\"elementor-widget-container\">\n\t\t\t\t\t<h2 class=\"elementor-heading-title elementor-size-default\">AVIS LEGAL<\/h2>\t\t\t\t<\/div>\n\t\t\t\t<\/div>\n\t\t\t\t<div class=\"elementor-element elementor-element-15798b6 elementor-align-left elementor-icon-list--layout-traditional elementor-list-item-link-full_width elementor-widget elementor-widget-icon-list\" data-id=\"15798b6\" data-element_type=\"widget\" data-widget_type=\"icon-list.default\">\n\t\t\t\t<div class=\"elementor-widget-container\">\n\t\t\t\t\t\t\t<ul class=\"elementor-icon-list-items\">\n\t\t\t\t\t\t\t<li class=\"elementor-icon-list-item\">\n\t\t\t\t\t\t\t\t\t\t<span class=\"elementor-icon-list-text\">1. Identificaci\u00f3 del titular<\/span>\n\t\t\t\t\t\t\t\t\t<\/li>\n\t\t\t\t\t\t<\/ul>\n\t\t\t\t\t\t<\/div>\n\t\t\t\t<\/div>\n\t\t\t\t<div class=\"elementor-element elementor-element-14a5be5 elementor-widget elementor-widget-text-editor\" data-id=\"14a5be5\" data-element_type=\"widget\" data-widget_type=\"text-editor.default\">\n\t\t\t\t<div class=\"elementor-widget-container\">\n\t\t\t\t\t\t\t\t\t<p>AVIS LEGAL<\/p><p>En compliment de la Llei 34\/2002, d&#8217;11 de juliol, de Serveis de la Societat de la informaci\u00f3 i de Comer\u00e7 Electr\u00f2nic (LSSI-CE), s&#8217;informa que el titular d&#8217;aquest lloc web \u00e9s:<\/p><ul><li>Rosa Batllori Torrents<\/li><li>NIF: 77.107.112A<\/li><li>Domicili social: C\/ Alfons IV, 37 08402 Granollers<\/li><li>Correu electr\u00f2nic: biopompasgranollers@gmail.com<\/li><li>Tel\u00e8fon de contacte: +34 620805085<\/li><\/ul>\t\t\t\t\t\t\t\t<\/div>\n\t\t\t\t<\/div>\n\t\t\t\t<div class=\"elementor-element elementor-element-5bbfe9b elementor-align-left elementor-icon-list--layout-traditional elementor-list-item-link-full_width elementor-widget elementor-widget-icon-list\" data-id=\"5bbfe9b\" data-element_type=\"widget\" data-widget_type=\"icon-list.default\">\n\t\t\t\t<div class=\"elementor-widget-container\">\n\t\t\t\t\t\t\t<ul class=\"elementor-icon-list-items\">\n\t\t\t\t\t\t\t<li class=\"elementor-icon-list-item\">\n\t\t\t\t\t\t\t\t\t\t<span class=\"elementor-icon-list-text\">2. Acceptaci\u00f3n de las Condicions de uso<\/span>\n\t\t\t\t\t\t\t\t\t<\/li>\n\t\t\t\t\t\t<\/ul>\n\t\t\t\t\t\t<\/div>\n\t\t\t\t<\/div>\n\t\t\t\t<div class=\"elementor-element elementor-element-70c012e elementor-widget elementor-widget-text-editor\" data-id=\"70c012e\" data-element_type=\"widget\" data-widget_type=\"text-editor.default\">\n\t\t\t\t<div class=\"elementor-widget-container\">\n\t\t\t\t\t\t\t\t\t<p>El acceso y uso de este sitio web est\u00e1 sujeto a las presentes condiciones de uso, as\u00ed como a la legislaci\u00f3n vigente. El uso de este sitio web supone la aceptaci\u00f3n llena de las presentes condiciones por parte del usuario. Si no est\u00e1 de acuerdo con estas condiciones, le rogamos que no utilice este sitio web.<em><br \/><\/em><\/p>\t\t\t\t\t\t\t\t<\/div>\n\t\t\t\t<\/div>\n\t\t\t\t<div class=\"elementor-element elementor-element-9ef0384 elementor-align-left elementor-icon-list--layout-traditional elementor-list-item-link-full_width elementor-widget elementor-widget-icon-list\" data-id=\"9ef0384\" data-element_type=\"widget\" data-widget_type=\"icon-list.default\">\n\t\t\t\t<div class=\"elementor-widget-container\">\n\t\t\t\t\t\t\t<ul class=\"elementor-icon-list-items\">\n\t\t\t\t\t\t\t<li class=\"elementor-icon-list-item\">\n\t\t\t\t\t\t\t\t\t\t<span class=\"elementor-icon-list-text\"><span style=\"font-weight: bolder; white-space-collapse: collapse;\">3. Propiedad Intelectual y Industrial<\/span><\/span>\n\t\t\t\t\t\t\t\t\t<\/li>\n\t\t\t\t\t\t<\/ul>\n\t\t\t\t\t\t<\/div>\n\t\t\t\t<\/div>\n\t\t\t\t<div class=\"elementor-element elementor-element-60b4370 elementor-widget elementor-widget-text-editor\" data-id=\"60b4370\" data-element_type=\"widget\" data-widget_type=\"text-editor.default\">\n\t\t\t\t<div class=\"elementor-widget-container\">\n\t\t\t\t\t\t\t\t\t<p>Los contenidos de este sitio web, incluyendo, entre otros, im\u00e1genes, logotipos, gr\u00e1ficos, animaciones, textos o aplicaciones inform\u00e1ticas, cualquier que sea su formato, lenguaje de programaci\u00f3n y forma de representaci\u00f3n, as\u00ed como el nombre de dominio ecotendagranollers.com, son propiedad del titular o este dispone de los derechos de uso suficientes. Queda prohibida la reproducci\u00f3n, distribuci\u00f3n, comunicaci\u00f3n p\u00fablica, transformaci\u00f3n o cualquier otra actividad que se pueda hacer con los contenidos sin el consentimiento previo, expr\u00e9s y por escrito del titular.<\/p>\t\t\t\t\t\t\t\t<\/div>\n\t\t\t\t<\/div>\n\t\t\t\t<div class=\"elementor-element elementor-element-d913034 elementor-widget elementor-widget-heading\" data-id=\"d913034\" data-element_type=\"widget\" data-widget_type=\"heading.default\">\n\t\t\t\t<div class=\"elementor-widget-container\">\n\t\t\t\t\t<h2 class=\"elementor-heading-title elementor-size-default\">Pol\u00edtica de Privacidad<\/h2>\t\t\t\t<\/div>\n\t\t\t\t<\/div>\n\t\t\t\t<div class=\"elementor-element elementor-element-2fd7b65 elementor-widget elementor-widget-text-editor\" data-id=\"2fd7b65\" data-element_type=\"widget\" data-widget_type=\"text-editor.default\">\n\t\t\t\t<div class=\"elementor-widget-container\">\n\t\t\t\t\t\t\t\t\t<p>En esta pol\u00edtica de privacidad, se explica c\u00f3mo Biopompas Granollers recopila, utiliza y protege la informaci\u00f3n personal que usted nos proporciona cuando visita nuestro sitio web ecotendagranollers.com. Nos comprometemos a garantizar su privacidad y la seguridad de su informaci\u00f3n personal.<\/p>\t\t\t\t\t\t\t\t<\/div>\n\t\t\t\t<\/div>\n\t\t\t\t<div class=\"elementor-element elementor-element-3d6039b elementor-widget elementor-widget-heading\" data-id=\"3d6039b\" data-element_type=\"widget\" data-widget_type=\"heading.default\">\n\t\t\t\t<div class=\"elementor-widget-container\">\n\t\t\t\t\t<h3 class=\"elementor-heading-title elementor-size-default\">2. Informaci\u00f3n Recopilada<\/h3>\t\t\t\t<\/div>\n\t\t\t\t<\/div>\n\t\t\t\t<div class=\"elementor-element elementor-element-9f97bef elementor-align-left elementor-icon-list--layout-traditional elementor-list-item-link-full_width elementor-widget elementor-widget-icon-list\" data-id=\"9f97bef\" data-element_type=\"widget\" data-widget_type=\"icon-list.default\">\n\t\t\t\t<div class=\"elementor-widget-container\">\n\t\t\t\t\t\t\t<ul class=\"elementor-icon-list-items\">\n\t\t\t\t\t\t\t<li class=\"elementor-icon-list-item\">\n\t\t\t\t\t\t\t\t\t\t<span class=\"elementor-icon-list-text\">2.1  Informaci\u00f3n Personal<\/span>\n\t\t\t\t\t\t\t\t\t<\/li>\n\t\t\t\t\t\t<\/ul>\n\t\t\t\t\t\t<\/div>\n\t\t\t\t<\/div>\n\t\t\t\t<div class=\"elementor-element elementor-element-7f8778b elementor-widget elementor-widget-text-editor\" data-id=\"7f8778b\" data-element_type=\"widget\" data-widget_type=\"text-editor.default\">\n\t\t\t\t<div class=\"elementor-widget-container\">\n\t\t\t\t\t\t\t\t\t<p>Podemos recopilar informaci\u00f3n personal identificable como su nombre, direcci\u00f3n de e-mail, n\u00famero de tel\u00e9fono, direcci\u00f3n postal y otros detalles que usted proporcione voluntariamente a trav\u00e9s de formularios de contacto, inscripciones, u otras interacciones con nuestro sitio web.<\/p>\t\t\t\t\t\t\t\t<\/div>\n\t\t\t\t<\/div>\n\t\t\t\t<\/div>\n\t\t\t\t\t<\/div>\n\t\t\t\t<\/div>\n\t\t\t\t<\/div>\n\t\t","protected":false},"excerpt":{"rendered":"<p>Avis Legal AVIS LEGAL 1. Identificaci\u00f3 del titular AVIS LEGAL En compliment de la Llei 34\/2002, d&#8217;11 de juliol, de Serveis de la Societat de la informaci\u00f3 i de Comer\u00e7 Electr\u00f2nic (LSSI-CE), s&#8217;informa que el titular d&#8217;aquest lloc web \u00e9s: Rosa Batllori Torrents NIF: 77.107.112A Domicili social: C\/ Alfons IV, 37 08402 Granollers Correu electr\u00f2nic: [&hellip;]<\/p>\n","protected":false},"author":1,"featured_media":396,"parent":0,"menu_order":0,"comment_status":"closed","ping_status":"closed","template":"elementor_header_footer","meta":{"footnotes":""},"class_list":["post-439","page","type-page","status-publish","has-post-thumbnail","hentry"],"_links":{"self":[{"href":"https:\/\/ecotendagranollers.com\/ca\/wp-json\/wp\/v2\/pages\/439","targetHints":{"allow":["GET"]}}],"collection":[{"href":"https:\/\/ecotendagranollers.com\/ca\/wp-json\/wp\/v2\/pages"}],"about":[{"href":"https:\/\/ecotendagranollers.com\/ca\/wp-json\/wp\/v2\/types\/page"}],"author":[{"embeddable":true,"href":"https:\/\/ecotendagranollers.com\/ca\/wp-json\/wp\/v2\/users\/1"}],"replies":[{"embeddable":true,"href":"https:\/\/ecotendagranollers.com\/ca\/wp-json\/wp\/v2\/comments?post=439"}],"version-history":[{"count":16,"href":"https:\/\/ecotendagranollers.com\/ca\/wp-json\/wp\/v2\/pages\/439\/revisions"}],"predecessor-version":[{"id":1120,"href":"https:\/\/ecotendagranollers.com\/ca\/wp-json\/wp\/v2\/pages\/439\/revisions\/1120"}],"wp:featuredmedia":[{"embeddable":true,"href":"https:\/\/ecotendagranollers.com\/ca\/wp-json\/wp\/v2\/media\/396"}],"wp:attachment":[{"href":"https:\/\/ecotendagranollers.com\/ca\/wp-json\/wp\/v2\/media?parent=439"}],"curies":[{"name":"wp","href":"https:\/\/api.w.org\/{rel}","templated":true}]}}